{"id":13966,"date":"2021-06-10T14:17:14","date_gmt":"2021-06-10T12:17:14","guid":{"rendered":"https:\/\/lurbarnea.com\/aviso-legal-y-politica-de-privacidad\/"},"modified":"2021-06-10T14:17:14","modified_gmt":"2021-06-10T12:17:14","slug":"aviso-legal-y-politica-de-privacidad","status":"publish","type":"page","link":"https:\/\/lurbarnea.com\/eu\/aviso-legal-y-politica-de-privacidad\/","title":{"rendered":"Aviso legal y pol\u00edtica de privacidad"},"content":{"rendered":"\n<p>Avisos Legales y Privacidad Identificaci\u00f3n legal De acuerdo con el art. 10 de la Ley 34\/2002 de 11 de julio, de Servicios de la Sociedad de la Informaci\u00f3n y de Comercio Electr\u00f3nico, Aingeru Gorrotxagi, con NIF 637199604 se identifica en Internet con el dominio https:\/\/lurbarnea.com sobre el que ejerce su titularidad. Usted puede contactar con nosotros dirigi\u00e9ndose a:<\/p>\n\n<p>Aingeru Gorrotxagi<br\/><\/p>\n\n<p>Avda. Altos Hornos de Vizcaya, 12-C, 1-B<br\/>48901, Barakaldo<br\/>Bizkaia (Espa\u00f1a)<br\/>Tel\u00e9fono: 637199604<br\/>Email: info@lurbarnea.com.com<\/p>\n\n<h2 class=\"wp-block-heading\">POL\u00cdTICA DE PRIVACIDAD<\/h2>\n\n<p>Aingeru Gorrotxagi le informa que de acuerdo con la Ley Org\u00e1nica 15\/1999, de 13 de diciembre de Protecci\u00f3n de Datos de Car\u00e1cter Personal, los datos que se recaben en nuestra p\u00e1gina web a trav\u00e9s de los formularios de contacto pasar\u00e1n a formar parte de un fichero titularidad de Aingeru Gorrotxagi debidamente inscrito en el Registro General de la Agencia Espa\u00f1ola de Protecci\u00f3n de datos, con la finalidad de gestionar la atenci\u00f3n al cliente y al usuario de la p\u00e1gina web. Usted podr\u00e1 ejercer los derechos de acceso, rectificaci\u00f3n, cancelaci\u00f3n u oposici\u00f3n dirigi\u00e9ndose a la direcci\u00f3n arriba indicada.<\/p>\n\n<h2 class=\"wp-block-heading\">CONDICIONES DE USO<\/h2>\n\n<p>El acceso a nuestra p\u00e1gina Web es libre y gratuito, no precisando ning\u00fan tipo de registro para visitar los contenidos de la misma.<\/p>\n\n<h2 class=\"wp-block-heading\">ACEPTACI\u00d3N Y VIGENCIA DE LAS PRESENTES CONDICIONES Y REQUISITOS DE ACCESO:<\/h2>\n\n<p>Aingeru Gorrotxagi se reserva el derecho de modificar peri\u00f3dicamente, a su discreci\u00f3n y sin previa advertencia, los presentes t\u00e9rminos y condiciones, que ser\u00e1n efectivos desde su publicaci\u00f3n. La utilizaci\u00f3n de esta p\u00e1gina web supone la aceptaci\u00f3n plena y sin reservas, por EL USUARIO, de los T\u00c9RMINOS Y CONDICIONES que est\u00e9n vigentes en cada momento en que acceda a la misma, incluida nuestra pol\u00edtica de privacidad. POR EL HECHO DE ACCEDER, VER O UTILIZAR LOS MATERIALES O SERVICIOS ACCESIBLES EN O A TRAV\u00c9S DE LA WEB, EL USUARIO PONE DE MANIFIESTO QUE COMPRENDE Y ACEPTA DICHOS TERMINOS Y CONDICIONES COMO EQUIVALENTE LEGAL DE UN DOCUMENTO FIRMADO POR ESCRITO Y VINCULANTE.<\/p>\n\n<p>Este site se encuentra reservado \u00fanica y exclusivamente a personas mayores de edad, dado que la legislaci\u00f3n vigente proh\u00edbe la publicidad, venta, consumo y suministro de alcohol a los menores de 18 a\u00f1os. No obstante, Aingeru Gorrotxagi no comprobar\u00e1 la certeza de los datos proporcionados, ni se responsabilizar\u00e1 de aquellas personas menores de edad que entren en esta p\u00e1gina incumpliendo dicha condici\u00f3n de acceso. La plena responsabilidad en la determinaci\u00f3n de los concretos contenidos y servicios a los que acceden los menores de edad corresponde exclusivamente a las personas mayores de edad que se encuentran a cargo de los mismos, por lo que BRB recomienda a padres, representantes o tutores legales supervisar o tomar las precauciones oportunas durante la navegaci\u00f3n de los menores por Internet. La entrada en esta p\u00e1gina web es de car\u00e1cter gratuito para EL USUARIO. La presente p\u00e1gina web est\u00e1 sujeta a lo dispuesto en la Ley 26\/1984 de 19 de julio, General para la Defensa de los Consumidores y Usuarios, Ley Org\u00e1nica 15,1999 de 13 de diciembre de Protecci\u00f3n de Datos de Car\u00e1cter Personal, Ley 34\/2002 de 11 de julio, de Servicios de la Sociedad de la Informaci\u00f3n y de Comercio Electr\u00f3nico, entre otras muchas legislaciones que nos amparan.<\/p>\n\n<p>Igualmente, Aingeru Gorrotxagi se encuentra adherida, entre otras, al C\u00f3digo de Conducta de la Asociaci\u00f3n para la Autorregulaci\u00f3n de la Comunicaci\u00f3n, disponible en http:\/\/www.aap.es y al de Confianza Online, un sistema de resoluci\u00f3n de posibles controversias que puedan surgir entre consumidores y empresas en el \u00e1mbito del Comercio Electr\u00f3nico y la publicidad interactiva. Si usted como USUARIO no acepta los presentes TERMINOS Y CONDICIONES deber\u00eda abstenerse de utilizar este sitio web.<\/p>\n\n<h2 class=\"wp-block-heading\">PROPIEDAD INTELECTUAL E INDUSTRIAL, COPYRIGHT:<\/h2>\n\n<p>Los contenidos y materiales prestados por Aingeru Gorrotxagi o vertidos en este sitio web constituyen una obra en el sentido de la legislaci\u00f3n sobre propiedad intelectual y\/o industrial, por lo que se hallan protegidos por las leyes y convenios internacionales aplicables en la materia. Los derechos sobre los materiales y contenidos corresponden \u00edntegramente a Aingeru Gorrotxagi o a terceros que han autorizado debidamente su inclusi\u00f3n.<\/p>\n\n<p>En consecuencia, todo el material, servicios y contenido que forma parte de EL SITIO incluyendo, pero no limitativamente, textos, im\u00e1genes, sonidos, videos, software, estructura de la web, gr\u00e1ficos, iconos, marcas, nombres comerciales, dibujos industriales, dise\u00f1o, informaci\u00f3n o animaciones constituyen una obra en el sentido del Derecho de Autor y est\u00e1n protegidas por la legislaci\u00f3n aplicable en materia de propiedad intelectual y\/o industrial.<\/p>\n\n<p>Salvo que fuera autorizado expresamente y por escrito por parte de Aingeru Gorrotxagi o, en su caso, por los terceros titulares de los derechos correspondientes, o a menos que resulte legalmente permitido, queda prohibida cualquier forma de transmisi\u00f3n, distribuci\u00f3n, almacenamiento, comunicaci\u00f3n p\u00fablica, puesta a disposici\u00f3n, reproducci\u00f3n, desensamblamiento, ingenier\u00eda inversa, pr\u00e9stamo o alquiler y cualquier otro acto de explotaci\u00f3n p\u00fablica respecto al presente SITIO web, contenido e informaci\u00f3n del mismo. Todos los derechos de esta website est\u00e1n protegidos por su copyright. Todos los derechos reservados, y por tanto, su contenido pertenece \u00fanica y exclusivamente a su autor. En tanto que propietario o poseedor autorizado de las marcas, servicios, dise\u00f1os, bases de datos y todos los dem\u00e1s derechos de propiedad intelectual contenidos en EL SITIO y a menos que se indique expresamente lo contrario, la utilizaci\u00f3n de este por EL USUARIO, no entra\u00f1a la cesi\u00f3n de titularidad, derecho, licencia o inter\u00e9s alguno sobre dicha propiedad intelectual. EL USUARIO podr\u00e1 utilizar los materiales, elementos, contenidos, e informaci\u00f3n a la que acceda a trav\u00e9s de la utilizaci\u00f3n del sitio web \u00fanicamente para sus propias necesidades, comprometi\u00e9ndose a no realizar ni directa ni indirectamente, en su totalidad o parcialmente, una explotaci\u00f3n comercial de los mismos, sin el permiso previo y por escrito de BRB. En concreto y sin car\u00e1cter exhaustivo quedan prohibidos los actos de reproducci\u00f3n, exhibici\u00f3n, distribuci\u00f3n, transmisi\u00f3n y retransmisi\u00f3n, emisi\u00f3n en cualquier forma, almacenamiento en soportes f\u00edsicos o l\u00f3gicos, digitalizaci\u00f3n o puesta a disposici\u00f3n de bases de datos distintas de las pertenecientes o autorizadas por BRB, as\u00ed como su traducci\u00f3n, adaptaci\u00f3n, arreglo, manipulaci\u00f3n o cualquier otra transformaci\u00f3n de dichas opiniones, im\u00e1genes, textos y dem\u00e1s contenidos que se pongan a disposici\u00f3n del USUARIO a trav\u00e9s de EL SITIO en la medida en que est\u00e9n sometidos a la legislaci\u00f3n aplicable sobre propiedad intelectual, industrial o protecci\u00f3n de la imagen<\/p>\n\n<h2 class=\"wp-block-heading\">EXCLUSI\u00d3N DE GARANT\u00cdAS Y LIMITACI\u00d3N DE RESPONSABILIDAD:<\/h2>\n\n<p>Aingeru Gorrotxagi no garantiza la disponibilidad y continuidad de EL SITIO, de su contenido, ni de los servicios vinculados al mismo, ni su idoneidad, fiabilidad, oportunidad, veracidad o exactitud para cualquier prop\u00f3sito. De forma peri\u00f3dica pueden incorporarse cambios a la informaci\u00f3n contenida. EL USUARIO asume que Internet no es un medio completamente seguro y por lo tanto, Aingeru Gorrotxagi no puede garantizar que cualquier informaci\u00f3n o material que EL USUARIO env\u00ede, coloque o transmita a trav\u00e9s de la web est\u00e9 libre de utilizaci\u00f3n o acceso no autorizado.<\/p>\n\n<p>No obstante, Aingeru Gorrotxagi adoptar\u00e1 medidas para preservar la seguridad de EL SITIO de acuerdo con criterios de razonabilidad. Aingeru Gorrotxagi no es responsable de los contenidos enviados, utilizados y\/o incluidos en los servicios por cualquier tercero, ni del acceso no autorizado o alteraci\u00f3n de sus transmisiones o datos, de cualquier material o datos enviados o recibidos o no enviados o recibidos, ni de ninguna transacci\u00f3n realizada a trav\u00e9s de esta website.<\/p>\n\n<h2 class=\"wp-block-heading\">OBLIGACIONES Y RESPONSABILIDADES DE LOS USUARIOS Y UTILIZACI\u00d3N DE LA INFORMACI\u00d3N RECIBIDA:<\/h2>\n\n<p>EL USUARIO se compromete a utilizar esta p\u00e1gina y sus servicios conforme a la ley y los presentes TERMINOS Y CONDICIONES, respetando la moral y buenas costumbres generalmente aceptadas y el orden p\u00fablico, a hacer un uso correcto y l\u00edcito de sus servicios y contenidos y en particular, sin que dicha enumeraci\u00f3n tenga car\u00e1cter limitativo, a:<\/p>\n\n<p>No difundir contenidos o propaganda de car\u00e1cter racista, xen\u00f3fobo, pornogr\u00e1fico, discriminatorio, difamatorio, apolog\u00eda del terrorismo o contrarios a los derechos humanos o aquellos que de cualquier modo, fomenten la violencia o la diseminaci\u00f3n de contenidos claramente il\u00edcitos o nocivos.<br\/>No interferir con el uso o disfrute de los servicios o contenidos por otros usuarios o con el uso o disfrute de contenidos similares por parte de otras personas o entidades, intentar u obtener acceso de forma no autorizada a los servicios o contenidos.<\/p>\n\n<p>No destruir, alterar, inutilizar o da\u00f1ar los datos, informaciones, programas o documentos electr\u00f3nicos pertenecientes a BRB, sus proveedores o de terceros.<br\/>No crear identidades falsas para enga\u00f1ar a terceros respecto a la identidad del remitente u origen del mensaje, ni recopilar o recabar informaci\u00f3n sobre terceros, sin su consentimiento o proporcionar a terceros direcciones de correo electr\u00f3nico ajenas, ni infringir el derecho a la intimidad o a la propia imagen o cualesquiera otros derechos de terceros.<\/p>\n\n<p>No acceder o intentar acceder de forma no autorizada a los servicios o contenidos, a otras cuentas, sistemas inform\u00e1ticos o a redes conectadas con estos por medio de la b\u00fasqueda autom\u00e1tica de contrase\u00f1as o por otros medios.<\/p>\n\n<p>No utilizar el servicio para el env\u00edo de cartas en cadena, mensajes no deseados, spamming o cualesquiera otros mensajes, comerciales o no, duplicativos o no solicitados o cualquier otra actuaci\u00f3n que implique transmisi\u00f3n de cualquier programa perjudicial, nocivo, no solicitado o ilegal, ni utilizar de forma indebida los chatas, grupos de noticias, foros u otros servicios que BRB facilite a trav\u00e9s de esta p\u00e1gina web.<br\/>EL USUARIO responder\u00e1 de los da\u00f1os y perjuicios que BRB, sus afiliadas, sucursales, matrices o compa\u00f1\u00edas asociadas y cualesquiera puedan sufrir directa o indirectamente, como consecuencia del incumplimiento de cualquiera de las obligaciones derivadas de estos TERMINOS Y CONDICIONES o de cualesquiera otras obligaciones legales que fueren aplicables y mantendr\u00e1 indemne a Aingeru Gorrotxagi. frente a cualquier sanci\u00f3n, reclamaci\u00f3n o demanda que pudiera interponerse por un tercero, incluidos organismos p\u00fablicos, contra Aingeru Gorrotxagi como consecuencia de la violaci\u00f3n de cualesquiera derechos de terceros por parte de dicho usuario por la utilizaci\u00f3n de EL SITIO o de los servicios y materiales vinculados al mismo en forma contraria a estos TERMINOS Y CONDICIONES o a la legislaci\u00f3n aplicable. Aingeru Gorrotxagi se reserva el derecho defender y controlar con exclusividad cualquier reclamaci\u00f3n de este tipo y EL USUARIO se compromete a cooperar enteramente en dicha defensa.<\/p>\n\n<h2 class=\"wp-block-heading\">MODIFICACIONES DE LA P\u00c1GINA:<\/h2>\n\n<p>Aingeru Gorrotxagi se reserva, sin necesidad de previo aviso y en cualquier momento, el derecho a suspender temporalmente el acceso a esta p\u00e1gina web y a efectuar modificaciones.<\/p>\n","protected":false},"excerpt":{"rendered":"<p>Avisos Legales y Privacidad Identificaci\u00f3n legal De acuerdo con el&hellip;<\/p>\n<p> <a class=\"more-link\" href=\"https:\/\/lurbarnea.com\/eu\/aviso-legal-y-politica-de-privacidad\/\">Read more<\/a><\/p>\n","protected":false},"author":5,"featured_media":0,"parent":0,"menu_order":0,"comment_status":"closed","ping_status":"closed","template":"","meta":{"footnotes":""},"class_list":["post-13966","page","type-page","status-publish"],"_links":{"self":[{"href":"https:\/\/lurbarnea.com\/eu\/wp-json\/wp\/v2\/pages\/13966"}],"collection":[{"href":"https:\/\/lurbarnea.com\/eu\/wp-json\/wp\/v2\/pages"}],"about":[{"href":"https:\/\/lurbarnea.com\/eu\/wp-json\/wp\/v2\/types\/page"}],"author":[{"embeddable":true,"href":"https:\/\/lurbarnea.com\/eu\/wp-json\/wp\/v2\/users\/5"}],"replies":[{"embeddable":true,"href":"https:\/\/lurbarnea.com\/eu\/wp-json\/wp\/v2\/comments?post=13966"}],"version-history":[{"count":0,"href":"https:\/\/lurbarnea.com\/eu\/wp-json\/wp\/v2\/pages\/13966\/revisions"}],"wp:attachment":[{"href":"https:\/\/lurbarnea.com\/eu\/wp-json\/wp\/v2\/media?parent=13966"}],"curies":[{"name":"wp","href":"https:\/\/api.w.org\/{rel}","templated":true}]}}